{"id":2127,"date":"2020-04-01T21:07:58","date_gmt":"2020-04-01T21:07:58","guid":{"rendered":"https:\/\/www.yaffotheme.com\/?page_id=2127"},"modified":"2025-08-28T12:02:02","modified_gmt":"2025-08-28T10:02:02","slug":"o-mnie","status":"publish","type":"page","link":"https:\/\/annahucal.no\/no_no\/o-mnie\/","title":{"rendered":"Om meg"},"content":{"rendered":"<div class=\"wp-block-group\"><div class=\"wp-block-group__inner-container is-layout-flow wp-block-group-is-layout-flow\"><\/div><\/div>\n\n\n<div class=\"wp-block-image is-resized\">\n<figure class=\"aligncenter size-large\"><img loading=\"lazy\" decoding=\"async\" width=\"768\" height=\"1024\" src=\"data:image\/png;base64,iVBORw0KGgoAAAANSUhEUgAAAwAAAAQAAQMAAABs6KxDAAAAA1BMVEUAAP+KeNJXAAAAAXRSTlMAQObYZgAAAAlwSFlzAAAOxAAADsQBlSsOGwAAAHZJREFUeNrtwQEBAAAAgiD\/r25IQAEAAAAAAAAAAAAAAAAAAAAAAAAAAAAAAAAAAAAAAAAAAAAAAAAAAAAAAAAAAAAAAAAAAAAAAAAAAAAAAAAAAAAAAAAAAAAAAAAAAAAAAAAAAAAAAAAAAAAAAAAAAAAAAHwbhA8AAXtV0jMAAAAASUVORK5CYII=\" alt=\"\" class=\"wp-image-3941 nebotheme-lazyload lazyload\" data-sizes=\"auto\" data-ls-sizes=\"auto, (max-width: 768px) 100vw, 768px\" data-src=\"http:\/\/annahucal.no\/wp-content\/uploads\/2025\/08\/IMG_3498-copy-768x1024.webp\" data-srcset=\"https:\/\/annahucal.no\/wp-content\/uploads\/2025\/08\/IMG_3498-copy-768x1024.webp 768w, https:\/\/annahucal.no\/wp-content\/uploads\/2025\/08\/IMG_3498-copy-225x300.webp 225w, https:\/\/annahucal.no\/wp-content\/uploads\/2025\/08\/IMG_3498-copy-1152x1536.webp 1152w, https:\/\/annahucal.no\/wp-content\/uploads\/2025\/08\/IMG_3498-copy-9x12.webp 9w, https:\/\/annahucal.no\/wp-content\/uploads\/2025\/08\/IMG_3498-copy-830x1107.webp 830w, https:\/\/annahucal.no\/wp-content\/uploads\/2025\/08\/IMG_3498-copy-1200x1600.webp 1200w, https:\/\/annahucal.no\/wp-content\/uploads\/2025\/08\/IMG_3498-copy.webp 1500w\"><\/figure>\n<\/div>\n\n\n<div class=\"wp-block-columns is-layout-flex wp-container-core-columns-is-layout-9d6595d7 wp-block-columns-is-layout-flex\">\n<div class=\"wp-block-column is-layout-flow wp-block-column-is-layout-flow\">\n<h2 class=\"wp-block-heading has-text-align-center mb-0\">Hei! Jeg heter Ania<\/h2>\n\n\n\n<h5 class=\"wp-block-heading has-text-align-center mt-3 has-hover-color has-text-color has-normal-font-size\">(eller Anna, som de sier her i Norge \ud83d\ude0a)<\/h5>\n\n\n\n<hr class=\"wp-block-separator has-css-opacity\"\/>\n<\/div>\n<\/div>\n\n\n\n<div class=\"wp-block-columns is-layout-flex wp-container-core-columns-is-layout-9d6595d7 wp-block-columns-is-layout-flex\">\n<div class=\"wp-block-column is-layout-flow wp-block-column-is-layout-flow\">\n<p>Jeg har bodd i Norge i over 10 \u00e5r og er fortsatt like betatt av naturen her \u2013 n\u00e6rheten til havet, de majestetiske fjellene og de magiske soloppgangene og solnedgangene.<\/p>\n\n\n\n<p>Jeg elsker \u00e5 skrive og tror p\u00e5 kraften i gode, motiverende ord. Jeg er glad i natur, fotografering, litteratur og spr\u00e5kl\u00e6ring. Jeg snakker norsk, har nylig fullf\u00f8rt studiene mine her i Norge, og n\u00e5 jobber jeg med \u00e5 forbedre engelsken min\u2026 kanskje jeg i framtiden ogs\u00e5 begynner \u00e5 l\u00e6re et nytt spr\u00e5k?<\/p>\n\n\n\n<p>Jeg er mamma, og gjennom denne bloggen \u00f8nsker jeg \u00e5 dele min hverdag i Norge \u2013 sm\u00e5 \u00f8yeblikk, refleksjoner, inspirasjon og det som ber\u00f8rer meg i livet.<\/p>\n<\/div>\n<\/div>\n\n\n\n<div class=\"wp-block-columns is-layout-flex wp-container-core-columns-is-layout-9d6595d7 wp-block-columns-is-layout-flex\">\n<div class=\"wp-block-column is-layout-flow wp-block-column-is-layout-flow\">\n<figure class=\"wp-block-image size-full\"><img loading=\"lazy\" decoding=\"async\" width=\"148\" height=\"34\" src=\"data:image\/png;base64,iVBORw0KGgoAAAANSUhEUgAAAJQAAAAiAQMAAACDYWL\/AAAAA1BMVEUAAP+KeNJXAAAAAXRSTlMAQObYZgAAAAlwSFlzAAAOxAAADsQBlSsOGwAAAA9JREFUKM9jYBgFo2DwAwACqAABYcb9JgAAAABJRU5ErkJggg==\" alt=\"\" class=\"wp-image-3856 nebotheme-lazyload lazyload\" data-sizes=\"auto\" data-src=\"http:\/\/annahucal.no\/wp-content\/uploads\/2025\/08\/beauty-autograph-about-copy.png\"><\/figure>\n<\/div>\n<\/div>\n\n\n\n<p><\/p>\n\n\n\n<p><\/p>","protected":false},"excerpt":{"rendered":"<p>Cze\u015b\u0107! Nazywam si\u0119 Ania (albo Anna, jak m\u00f3wi\u0105 tutaj w Norwegii \ud83d\ude0a) Mieszkam w Norwegii od ponad 10 lat i wci\u0105\u017c jestem tak samo zachwycona tutejsz\u0105 natur\u0105 \u2013 blisko\u015bci\u0105 morza, majestatycznymi g\u00f3rami oraz magicznymi wschodami i zachodami s\u0142o\u0144ca. Kocham pisa\u0107 i wierz\u0119 w si\u0142\u0119 dobrych, motywuj\u0105cych s\u0142\u00f3w. Lubi\u0119 natur\u0119, fotografi\u0119, literatur\u0119 i nauk\u0119 j\u0119zyk\u00f3w. M\u00f3wi\u0119 &hellip;<\/p>","protected":false},"author":1,"featured_media":0,"parent":0,"menu_order":0,"comment_status":"closed","ping_status":"closed","template":"","meta":{"footnotes":""},"class_list":["post-2127","page","type-page","status-publish","hentry"],"_links":{"self":[{"href":"https:\/\/annahucal.no\/no_no\/wp-json\/wp\/v2\/pages\/2127","targetHints":{"allow":["GET"]}}],"collection":[{"href":"https:\/\/annahucal.no\/no_no\/wp-json\/wp\/v2\/pages"}],"about":[{"href":"https:\/\/annahucal.no\/no_no\/wp-json\/wp\/v2\/types\/page"}],"author":[{"embeddable":true,"href":"https:\/\/annahucal.no\/no_no\/wp-json\/wp\/v2\/users\/1"}],"replies":[{"embeddable":true,"href":"https:\/\/annahucal.no\/no_no\/wp-json\/wp\/v2\/comments?post=2127"}],"version-history":[{"count":4,"href":"https:\/\/annahucal.no\/no_no\/wp-json\/wp\/v2\/pages\/2127\/revisions"}],"predecessor-version":[{"id":3942,"href":"https:\/\/annahucal.no\/no_no\/wp-json\/wp\/v2\/pages\/2127\/revisions\/3942"}],"wp:attachment":[{"href":"https:\/\/annahucal.no\/no_no\/wp-json\/wp\/v2\/media?parent=2127"}],"curies":[{"name":"wp","href":"https:\/\/api.w.org\/{rel}","templated":true}]}}